{"id":10,"date":"2016-01-05T21:20:38","date_gmt":"2016-01-05T21:20:38","guid":{"rendered":"https:\/\/cathyrincon.com\/?page_id=10"},"modified":"2016-07-08T10:04:48","modified_gmt":"2016-07-08T17:04:48","slug":"home","status":"publish","type":"page","link":"https:\/\/cathyrincon.com\/","title":{"rendered":"Welcome &#8211; Bienvenidos"},"content":{"rendered":"<div id=\"pl-10\"  class=\"panel-layout\" ><div id=\"pg-10-0\"  class=\"panel-grid panel-no-style\" ><div id=\"pgc-10-0-0\"  class=\"panel-grid-cell\" ><div id=\"panel-10-0-0-0\" class=\"so-panel widget widget_sow-editor panel-first-child panel-last-child\" data-index=\"0\" ><div\n\t\t\t\n\t\t\tclass=\"so-widget-sow-editor so-widget-sow-editor-base\"\n\t\t\t\n\t\t><h3 class=\"widget-title\">Welcome!<\/h3>\n<div class=\"siteorigin-widget-tinymce textwidget\">\n\t<p>We would all probably prefer not to think about what will happen at the end of our days.\u00a0 However, there are decisions we can make today to allow us to remain in control of our care, and the care of our family, when we can no longer express our wishes.<\/p>\n<p>Estate planning goes beyond deciding who will\u00a0 receive your assets upon your death and choosing a guardian for your children.\u00a0 It can also preserve assets and make a very difficult transition easier for your heirs.<\/p>\n<p>Effective estate planning also lets you arrange who will manage your assets and carry out your wishes regarding your health care if you are unable to do so.<\/p>\n<p>Please feel free to call me if you have any questions.<\/p>\n<p>\u00a0<\/p>\n<\/div>\n<\/div><\/div><\/div><div id=\"pgc-10-0-1\"  class=\"panel-grid-cell\" ><div id=\"panel-10-0-1-0\" class=\"so-panel widget widget_sow-editor panel-first-child panel-last-child\" data-index=\"1\" ><div\n\t\t\t\n\t\t\tclass=\"so-widget-sow-editor so-widget-sow-editor-base\"\n\t\t\t\n\t\t><h3 class=\"widget-title\">Bienvenidos!<\/h3>\n<div class=\"siteorigin-widget-tinymce textwidget\">\n\t<p>Nadie quiere pensar en lo que pasar\u00e1 al final de nuestros d\u00edas. Sin embargo, podemos tomar decisiones hoy d\u00eda que nos permitir\u00e1n controlar nuestro propio cuidado personal y el de nuestras familias, cuando ya no seamos capaces de expresar nuestra voluntad.<\/p>\n<p>La planificaci\u00f3n del patrimonio es m\u00e1s que decidir quienes recibir\u00e1n sus bienes al fallecer y escoger un tutor para sus hijos. Tambi\u00e9n puede proteger sus bienes y hacer la transici\u00f3n m\u00e1s f\u00e1cil para sus herederos.<\/p>\n<p>La planificaci\u00f3n adecuada del patrimonio tambi\u00e9n le permite designar quienes proteger\u00e1n sus bienes y quienes har\u00e1n cumplir su voluntad sobre su atenci\u00f3n m\u00e9dica si Ud. no sea capaz de hacerlo.<\/p>\n<p>Si tienen alguna pregunta, pueden llarmarme.<\/p>\n<p>\u00a0<\/p>\n<\/div>\n<\/div><\/div><\/div><\/div><div id=\"pg-10-1\"  class=\"panel-grid panel-no-style\" ><div id=\"pgc-10-1-0\"  class=\"panel-grid-cell\" ><div id=\"panel-10-1-0-0\" class=\"so-panel widget widget_sow-editor panel-first-child panel-last-child\" data-index=\"2\" ><div\n\t\t\t\n\t\t\tclass=\"so-widget-sow-editor so-widget-sow-editor-base\"\n\t\t\t\n\t\t>\n<div class=\"siteorigin-widget-tinymce textwidget\">\n\t<p>\u00a0<\/p>\n<p><strong>Cathy E. Rincon<\/strong><br \/><strong> 1291 East Hillsdale Blvd, Ste 203<\/strong><br \/><strong> Foster City, CA\u00a0 94404-1297<\/strong><br \/><strong> Phone: 650-571-1373<\/strong><br \/><strong> Fax: 650-286-9545<\/strong><br \/><strong> E-Mail: Cathy@CathyRincon.com<\/strong><\/p>\n<p><b>Advertisement<\/b><\/p>\n<\/div>\n<\/div><\/div><\/div><div id=\"pgc-10-1-1\"  class=\"panel-grid-cell\" ><div id=\"panel-10-1-1-0\" class=\"so-panel widget widget_sow-editor panel-first-child panel-last-child\" data-index=\"3\" ><div\n\t\t\t\n\t\t\tclass=\"so-widget-sow-editor so-widget-sow-editor-base\"\n\t\t\t\n\t\t>\n<div class=\"siteorigin-widget-tinymce textwidget\">\n\t<p style=\"text-align: right;\"><a href=\"https:\/\/cathyrincon.com\/wp-content\/uploads\/2016\/01\/cropped-Color-40-medium.jpg\" rel=\"attachment wp-att-5\"><img loading=\"lazy\" decoding=\"async\" class=\"alignnone size-medium wp-image-5\" src=\"https:\/\/cathyrincon.com\/wp-content\/uploads\/2016\/01\/cropped-Color-40-medium-236x300.jpg\" alt=\"cropped-Color-40-medium.jpg\" width=\"236\" height=\"300\" srcset=\"https:\/\/cathyrincon.com\/wp-content\/uploads\/2016\/01\/cropped-Color-40-medium-236x300.jpg 236w, https:\/\/cathyrincon.com\/wp-content\/uploads\/2016\/01\/cropped-Color-40-medium-768x977.jpg 768w, https:\/\/cathyrincon.com\/wp-content\/uploads\/2016\/01\/cropped-Color-40-medium-805x1024.jpg 805w, https:\/\/cathyrincon.com\/wp-content\/uploads\/2016\/01\/cropped-Color-40-medium-624x794.jpg 624w, https:\/\/cathyrincon.com\/wp-content\/uploads\/2016\/01\/cropped-Color-40-medium.jpg 825w\" sizes=\"auto, (max-width: 236px) 100vw, 236px\" \/><\/a><\/p>\n<\/div>\n<\/div><\/div><\/div><\/div><\/div>","protected":false},"excerpt":{"rendered":"<p>We would all probably prefer not to think about what will happen at the end of our days.\u00a0 However, there are decisions we can make today to allow us to remain in control of our care, and the care of our family, when we can no longer express our wishes.Estate planning goes beyond deciding who [&hellip;]<\/p>\n","protected":false},"author":1,"featured_media":0,"parent":0,"menu_order":0,"comment_status":"closed","ping_status":"closed","template":"page-templates\/full-width.php","meta":{"footnotes":""},"class_list":["post-10","page","type-page","status-publish","hentry"],"_links":{"self":[{"href":"https:\/\/cathyrincon.com\/index.php?rest_route=\/wp\/v2\/pages\/10","targetHints":{"allow":["GET"]}}],"collection":[{"href":"https:\/\/cathyrincon.com\/index.php?rest_route=\/wp\/v2\/pages"}],"about":[{"href":"https:\/\/cathyrincon.com\/index.php?rest_route=\/wp\/v2\/types\/page"}],"author":[{"embeddable":true,"href":"https:\/\/cathyrincon.com\/index.php?rest_route=\/wp\/v2\/users\/1"}],"replies":[{"embeddable":true,"href":"https:\/\/cathyrincon.com\/index.php?rest_route=%2Fwp%2Fv2%2Fcomments&post=10"}],"version-history":[{"count":18,"href":"https:\/\/cathyrincon.com\/index.php?rest_route=\/wp\/v2\/pages\/10\/revisions"}],"predecessor-version":[{"id":128,"href":"https:\/\/cathyrincon.com\/index.php?rest_route=\/wp\/v2\/pages\/10\/revisions\/128"}],"wp:attachment":[{"href":"https:\/\/cathyrincon.com\/index.php?rest_route=%2Fwp%2Fv2%2Fmedia&parent=10"}],"curies":[{"name":"wp","href":"https:\/\/api.w.org\/{rel}","templated":true}]}}